{"id":8518,"date":"2025-11-04T07:02:38","date_gmt":"2025-11-04T07:02:38","guid":{"rendered":"https:\/\/dev254.kodesolution.com\/edigitaal\/?page_id=8518"},"modified":"2025-12-27T15:16:16","modified_gmt":"2025-12-27T15:16:16","slug":"web-tasarim-fiyatlari","status":"publish","type":"page","link":"https:\/\/ilcomdigital.net\/en\/web-tasarim-fiyatlari\/","title":{"rendered":"Web Site Design Packages"},"content":{"rendered":"<div data-elementor-type=\"wp-page\" data-elementor-id=\"8518\" class=\"elementor elementor-8518\">\n\t\t\t\t<div class=\"elementor-element elementor-element-9c69516 e-con-full e-flex tm-col-stretched-none tm-bg-color-over-image e-con e-parent\" data-id=\"9c69516\" data-element_type=\"container\" data-e-type=\"container\" data-settings=\"{&quot;background_background&quot;:&quot;classic&quot;}\">\n\t\t<div class=\"elementor-element elementor-element-6eb73a5 e-flex e-con-boxed tm-col-stretched-none tm-bg-color-over-image e-con e-child\" data-id=\"6eb73a5\" data-element_type=\"container\" data-e-type=\"container\">\n\t\t\t\t\t<div class=\"e-con-inner\">\n\t\t<div class=\"elementor-element elementor-element-c4895f3 e-con-full e-flex tm-col-stretched-none tm-bg-color-over-image e-con e-child\" data-id=\"c4895f3\" data-element_type=\"container\" data-e-type=\"container\">\n\t\t<div class=\"elementor-element elementor-element-63a74db e-con-full e-flex tm-col-stretched-none tm-bg-color-over-image e-con e-child\" data-id=\"63a74db\" data-element_type=\"container\" data-e-type=\"container\">\n\t\t\t\t<div class=\"elementor-element elementor-element-d10e3ee elementor-invisible elementor-widget elementor-widget-tm-ele-pricing-plan\" data-id=\"d10e3ee\" data-element_type=\"widget\" data-e-type=\"widget\" data-settings=\"{&quot;_animation&quot;:&quot;fadeInUp&quot;,&quot;_animation_delay&quot;:500}\" data-widget_type=\"tm-ele-pricing-plan.skin-style1\">\n\t\t\t\t<div class=\"elementor-widget-container\">\n\t\t\t\t\t<!-- Pricing Block Style1-->\r\n\t<div class=\"tm-sc-pricing-plan  pricing-plan-hover-effect pricing-plan-box-shadow  pricing-plan-skin-style1\">\r\n\t\t<div class=\"pricing-plan-inner\">\r\n\t\t\t\t\t\t<div class=\"inner-box\">\r\n\t\t\t\t<div class=\"pricing-plan-pricing\">\r\n\t<div class=\"price price-normal\">\r\n\t\t\t\t<span class=\"pricing-plan-price\">5.990<\/span>\t\t\t\t\t\t<span class=\"pricing-plan-postfix\"> \u20ba <\/span>\t<\/div>\r\n\r\n\t<\/div>\t\t\t\t\t\t\t\t\t<div class=\"pricing-plan-title-area\">\r\n\t\t\t\t\t\t\r\n\t\t\t\t\t\t\t<h4 class=\"pricing-plan-title\">\r\n\t\t\t\t\tDijital Ba\u015flang\u0131\u00e7 \t\t\t\t<\/h4>\r\n\t\t\t\t\t\t\t\t<\/div>\r\n\t\t\t\t\t\t\t\t\r\n<ul class=\"features-list\">\r\n\t<li class=\"\">\r\n\t\t<i aria-hidden=\"true\" class=\"icon fas fa-check\"><\/i>\t\t<span>\r\n\t\tK\u00fc\u00e7\u00fck i\u015fletmeler i\u00e7in ba\u015flang\u0131\u00e7 \u00e7\u00f6z\u00fcm\u00fc\t\t<\/span>\r\n\t\t<div class=\"has-tooltip\" data-toggle=\"tooltip\" title=\"Start your free trial\"><i class=\"fas fa-info-circle tooltip-icon\"><\/i><\/div>\r\n\t<\/li>\r\n\t<li class=\"\">\r\n\t\t<i aria-hidden=\"true\" class=\"icon fas fa-check\"><\/i>\t\t<span>\r\n\t\tMobil uyumlu, h\u0131zl\u0131 ve g\u00fcvenli tasar\u0131m\t\t<\/span>\r\n\t\t<div class=\"has-tooltip\" data-toggle=\"tooltip\" title=\"Start your free trial\"><i class=\"fas fa-info-circle tooltip-icon\"><\/i><\/div>\r\n\t<\/li>\r\n\t<li class=\"\">\r\n\t\t<i aria-hidden=\"true\" class=\"icon fas fa-check\"><\/i>\t\t<span>\r\n\t\t5 sayfaya kadar i\u00e7erik\t\t<\/span>\r\n\t\t<div class=\"has-tooltip\" data-toggle=\"tooltip\" title=\"Start your free trial\"><i class=\"fas fa-info-circle tooltip-icon\"><\/i><\/div>\r\n\t<\/li>\r\n\t<li class=\"\">\r\n\t\t<i aria-hidden=\"true\" class=\"icon fas fa-check\"><\/i>\t\t<span>\r\n\t\tTemel SEO kurulumu\t\t<\/span>\r\n\t\t<div class=\"has-tooltip\" data-toggle=\"tooltip\" title=\"Start your free trial\"><i class=\"fas fa-info-circle tooltip-icon\"><\/i><\/div>\r\n\t<\/li>\r\n\t<li class=\"\">\r\n\t\t<i aria-hidden=\"true\" class=\"icon fas fa-check\"><\/i>\t\t<span>\r\n\t\tSSL sertifikas\u0131 (https) dahil\t\t<\/span>\r\n\t\t<div class=\"has-tooltip\" data-toggle=\"tooltip\" title=\"Start your free trial\"><i class=\"fas fa-info-circle tooltip-icon\"><\/i><\/div>\r\n\t<\/li>\r\n\t<li class=\"\">\r\n\t\t<i aria-hidden=\"true\" class=\"icon fas fa-check\"><\/i>\t\t<span>\r\n\t\t1 revize turu\t\t<\/span>\r\n\t\t<div class=\"has-tooltip\" data-toggle=\"tooltip\" title=\"Start your free trial\"><i class=\"fas fa-info-circle tooltip-icon\"><\/i><\/div>\r\n\t<\/li>\r\n\t<li class=\"\">\r\n\t\t<i aria-hidden=\"true\" class=\"icon fas fa-check\"><\/i>\t\t<span>\r\n\t\t1 y\u0131l hosting dahil\t\t<\/span>\r\n\t\t<div class=\"has-tooltip\" data-toggle=\"tooltip\" title=\"Start your free trial\"><i class=\"fas fa-info-circle tooltip-icon\"><\/i><\/div>\r\n\t<\/li>\r\n<\/ul>\t\t\t\t\t\t\t\t\t<a href=\"\" rel=\"nofollow\" class=\"theme-btn-two large-btn\"><span><span class=\"text-1\"> Web Paketi Se\u00e7<\/span><span class=\"text-2\"> Web Paketi Se\u00e7<\/span><\/span><\/a>\r\n\t\t\t\t\t\t\t<\/div>\r\n\t\t<\/div>\r\n\t<\/div>\t\t\t\t<\/div>\n\t\t\t\t<\/div>\n\t\t\t\t<\/div>\n\t\t<div class=\"elementor-element elementor-element-a2c6ba2 e-con-full tm-col-stretched-none e-flex tm-bg-color-over-image e-con e-child\" data-id=\"a2c6ba2\" data-element_type=\"container\" data-e-type=\"container\">\n\t\t\t\t<div class=\"elementor-element elementor-element-a6f105a elementor-invisible elementor-widget elementor-widget-tm-ele-pricing-plan\" data-id=\"a6f105a\" data-element_type=\"widget\" data-e-type=\"widget\" data-settings=\"{&quot;_animation&quot;:&quot;fadeInUp&quot;,&quot;_animation_delay&quot;:700}\" data-widget_type=\"tm-ele-pricing-plan.skin-style1\">\n\t\t\t\t<div class=\"elementor-widget-container\">\n\t\t\t\t\t<!-- Pricing Block Style1-->\r\n\t<div class=\"tm-sc-pricing-plan has-label pricing-active pricing-plan-hover-effect pricing-plan-box-shadow  pricing-plan-skin-style1\">\r\n\t\t<div class=\"pricing-plan-inner\">\r\n\t\t\t\t\t\t\t\t<span class=\"pricing-plan-label\">MOST POPULAR<\/span>\r\n\t\t\t\t\t\t<div class=\"inner-box\">\r\n\t\t\t\t<div class=\"pricing-plan-pricing\">\r\n\t<div class=\"price price-normal\">\r\n\t\t\t\t<span class=\"pricing-plan-price\">17.990<\/span>\t\t\t\t\t\t<span class=\"pricing-plan-postfix\">\u20ba <\/span>\t<\/div>\r\n\r\n\t<\/div>\t\t\t\t\t\t\t\t\t<div class=\"pricing-plan-title-area\">\r\n\t\t\t\t\t\t\r\n\t\t\t\t\t\t\t<h4 class=\"pricing-plan-title\">\r\n\t\t\t\t\tProfesyonel Vizyon\t\t\t\t<\/h4>\r\n\t\t\t\t\t\t\t\t<\/div>\r\n\t\t\t\t\t\t\t\t\r\n<ul class=\"features-list\">\r\n\t<li class=\"\">\r\n\t\t<i aria-hidden=\"true\" class=\"icon fas fa-check\"><\/i>\t\t<span>\r\n\t\t\u00d6zel tasar\u0131m, kurumsal renk ve font uyumu\t\t<\/span>\r\n\t\t<div class=\"has-tooltip\" data-toggle=\"tooltip\" title=\"Start your free trial\"><i class=\"fas fa-info-circle tooltip-icon\"><\/i><\/div>\r\n\t<\/li>\r\n\t<li class=\"\">\r\n\t\t<i aria-hidden=\"true\" class=\"icon fas fa-check\"><\/i>\t\t<span>\r\n\t\t1 y\u0131l hosting dahil\t\t<\/span>\r\n\t\t<div class=\"has-tooltip\" data-toggle=\"tooltip\" title=\"Start your free trial\"><i class=\"fas fa-info-circle tooltip-icon\"><\/i><\/div>\r\n\t<\/li>\r\n\t<li class=\"\">\r\n\t\t<i aria-hidden=\"true\" class=\"icon fas fa-check\"><\/i>\t\t<span>\r\n\t\t\u0130\u00e7erik y\u00f6netim sistemi (WordPress \/ \u00f6zel panel)\t\t<\/span>\r\n\t\t<div class=\"has-tooltip\" data-toggle=\"tooltip\" title=\"Start your free trial\"><i class=\"fas fa-info-circle tooltip-icon\"><\/i><\/div>\r\n\t<\/li>\r\n\t<li class=\"\">\r\n\t\t<i aria-hidden=\"true\" class=\"icon fas fa-check\"><\/i>\t\t<span>\r\n\t\tGeli\u015fmi\u015f SEO optimizasyonu\t\t<\/span>\r\n\t\t<div class=\"has-tooltip\" data-toggle=\"tooltip\" title=\"Start your free trial\"><i class=\"fas fa-info-circle tooltip-icon\"><\/i><\/div>\r\n\t<\/li>\r\n\t<li class=\"\">\r\n\t\t<i aria-hidden=\"true\" class=\"icon fas fa-check\"><\/i>\t\t<span>\r\n\t\t10+ sayfa yap\u0131land\u0131rma\t\t<\/span>\r\n\t\t<div class=\"has-tooltip\" data-toggle=\"tooltip\" title=\"Start your free trial\"><i class=\"fas fa-info-circle tooltip-icon\"><\/i><\/div>\r\n\t<\/li>\r\n\t<li class=\"\">\r\n\t\t<i aria-hidden=\"true\" class=\"icon fas fa-check\"><\/i>\t\t<span>\r\n\t\t3 revize turu\t\t<\/span>\r\n\t\t<div class=\"has-tooltip\" data-toggle=\"tooltip\" title=\"Start your free trial\"><i class=\"fas fa-info-circle tooltip-icon\"><\/i><\/div>\r\n\t<\/li>\r\n\t<li class=\"\">\r\n\t\t<i aria-hidden=\"true\" class=\"icon fas fa-check\"><\/i>\t\t<span>\r\n\t\t1 y\u0131l teknik destek ve bak\u0131m\t\t<\/span>\r\n\t\t<div class=\"has-tooltip\" data-toggle=\"tooltip\" title=\"Start your free trial\"><i class=\"fas fa-info-circle tooltip-icon\"><\/i><\/div>\r\n\t<\/li>\r\n\t<li class=\"\">\r\n\t\t<i aria-hidden=\"true\" class=\"icon fas fa-check\"><\/i>\t\t<span>\r\n\t\tH\u0131z ve g\u00fcvenlik optimizasyonu\t\t<\/span>\r\n\t\t<div class=\"has-tooltip\" data-toggle=\"tooltip\" title=\"Start your free trial\"><i class=\"fas fa-info-circle tooltip-icon\"><\/i><\/div>\r\n\t<\/li>\r\n<\/ul>\t\t\t\t\t\t\t\t\t<a href=\"\" rel=\"nofollow\" class=\"theme-btn-two large-btn\"><span><span class=\"text-1\"> Web Paketi Se\u00e7<\/span><span class=\"text-2\"> Web Paketi Se\u00e7<\/span><\/span><\/a>\r\n\t\t\t\t\t\t\t<\/div>\r\n\t\t<\/div>\r\n\t<\/div>\t\t\t\t<\/div>\n\t\t\t\t<\/div>\n\t\t\t\t<\/div>\n\t\t<div class=\"elementor-element elementor-element-c66c1b8 e-con-full tm-col-stretched-none e-flex tm-bg-color-over-image e-con e-child\" data-id=\"c66c1b8\" data-element_type=\"container\" data-e-type=\"container\">\n\t\t\t\t<div class=\"elementor-element elementor-element-820d27c elementor-invisible elementor-widget elementor-widget-tm-ele-pricing-plan\" data-id=\"820d27c\" data-element_type=\"widget\" data-e-type=\"widget\" data-settings=\"{&quot;_animation&quot;:&quot;fadeInUp&quot;,&quot;_animation_delay&quot;:900}\" data-widget_type=\"tm-ele-pricing-plan.skin-style1\">\n\t\t\t\t<div class=\"elementor-widget-container\">\n\t\t\t\t\t<!-- Pricing Block Style1-->\r\n\t<div class=\"tm-sc-pricing-plan  pricing-plan-hover-effect pricing-plan-box-shadow  pricing-plan-skin-style1\">\r\n\t\t<div class=\"pricing-plan-inner\">\r\n\t\t\t\t\t\t<div class=\"inner-box\">\r\n\t\t\t\t<div class=\"pricing-plan-pricing\">\r\n\t<div class=\"price price-normal\">\r\n\t\t\t\t<span class=\"pricing-plan-price\">34.990<\/span>\t\t\t\t\t\t<span class=\"pricing-plan-postfix\">\u20ba <\/span>\t<\/div>\r\n\r\n\t<\/div>\t\t\t\t\t\t\t\t\t<div class=\"pricing-plan-title-area\">\r\n\t\t\t\t\t\t\r\n\t\t\t\t\t\t\t<h4 class=\"pricing-plan-title\">\r\n\t\t\t\t\tElit Premium\t\t\t\t<\/h4>\r\n\t\t\t\t\t\t\t\t<\/div>\r\n\t\t\t\t\t\t\t\t\r\n<ul class=\"features-list\">\r\n\t<li class=\"\">\r\n\t\t<i aria-hidden=\"true\" class=\"icon fas fa-check\"><\/i>\t\t<span>\r\n\t\tS\u0131n\u0131rs\u0131z sayfa ve i\u00e7erik\t\t<\/span>\r\n\t\t<div class=\"has-tooltip\" data-toggle=\"tooltip\" title=\"Start your free trial\"><i class=\"fas fa-info-circle tooltip-icon\"><\/i><\/div>\r\n\t<\/li>\r\n\t<li class=\"\">\r\n\t\t<i aria-hidden=\"true\" class=\"icon fas fa-check\"><\/i>\t\t<span>\r\n\t\tS\u0131n\u0131rs\u0131z sayfa ve i\u00e7erik\t\t<\/span>\r\n\t\t<div class=\"has-tooltip\" data-toggle=\"tooltip\" title=\"Start your free trial\"><i class=\"fas fa-info-circle tooltip-icon\"><\/i><\/div>\r\n\t<\/li>\r\n\t<li class=\"\">\r\n\t\t<i aria-hidden=\"true\" class=\"icon fas fa-check\"><\/i>\t\t<span>\r\n\t\t1 y\u0131l hosting dahil\t\t<\/span>\r\n\t\t<div class=\"has-tooltip\" data-toggle=\"tooltip\" title=\"Start your free trial\"><i class=\"fas fa-info-circle tooltip-icon\"><\/i><\/div>\r\n\t<\/li>\r\n\t<li class=\"\">\r\n\t\t<i aria-hidden=\"true\" class=\"icon fas fa-check\"><\/i>\t\t<span>\r\n\t\tE-ticaret altyap\u0131s\u0131 ve \u00f6zel entegrasyonl\t\t<\/span>\r\n\t\t<div class=\"has-tooltip\" data-toggle=\"tooltip\" title=\"Start your free trial\"><i class=\"fas fa-info-circle tooltip-icon\"><\/i><\/div>\r\n\t<\/li>\r\n\t<li class=\"\">\r\n\t\t<i aria-hidden=\"true\" class=\"icon fas fa-check\"><\/i>\t\t<span>\r\n\t\t\u00c7ok dilli web sitesi deste\u011fi\t\t<\/span>\r\n\t\t<div class=\"has-tooltip\" data-toggle=\"tooltip\" title=\"Start your free trial\"><i class=\"fas fa-info-circle tooltip-icon\"><\/i><\/div>\r\n\t<\/li>\r\n\t<li class=\"\">\r\n\t\t<i aria-hidden=\"true\" class=\"icon fas fa-check\"><\/i>\t\t<span>\r\n\t\t\u0130leri seviye SEO + i\u00e7erik\t\t<\/span>\r\n\t\t<div class=\"has-tooltip\" data-toggle=\"tooltip\" title=\"Start your free trial\"><i class=\"fas fa-info-circle tooltip-icon\"><\/i><\/div>\r\n\t<\/li>\r\n\t<li class=\"\">\r\n\t\t<i aria-hidden=\"true\" class=\"icon fas fa-check\"><\/i>\t\t<span>\r\n\t\tS\u0131n\u0131rs\u0131z revize hakk\u0131\t\t<\/span>\r\n\t\t<div class=\"has-tooltip\" data-toggle=\"tooltip\" title=\"Start your free trial\"><i class=\"fas fa-info-circle tooltip-icon\"><\/i><\/div>\r\n\t<\/li>\r\n\t<li class=\"\">\r\n\t\t<i aria-hidden=\"true\" class=\"icon fas fa-check\"><\/i>\t\t<span>\r\n\t\t1 y\u0131l VIP bak\u0131m ve teknik destek\t\t<\/span>\r\n\t\t<div class=\"has-tooltip\" data-toggle=\"tooltip\" title=\"Start your free trial\"><i class=\"fas fa-info-circle tooltip-icon\"><\/i><\/div>\r\n\t<\/li>\r\n\t<li class=\"\">\r\n\t\t<i aria-hidden=\"true\" class=\"icon fas fa-check\"><\/i>\t\t<span>\r\n\t\tMaksimum h\u0131z ve g\u00fcvenlik optimizasyonu\t\t<\/span>\r\n\t\t<div class=\"has-tooltip\" data-toggle=\"tooltip\" title=\"Start your free trial\"><i class=\"fas fa-info-circle tooltip-icon\"><\/i><\/div>\r\n\t<\/li>\r\n<\/ul>\t\t\t\t\t\t\t\t\t<a href=\"\" rel=\"nofollow\" class=\"theme-btn-two large-btn\"><span><span class=\"text-1\"> Web Paketi Se\u00e7<\/span><span class=\"text-2\"> Web Paketi Se\u00e7<\/span><\/span><\/a>\r\n\t\t\t\t\t\t\t<\/div>\r\n\t\t<\/div>\r\n\t<\/div>\t\t\t\t<\/div>\n\t\t\t\t<\/div>\n\t\t\t\t<\/div>\n\t\t\t\t<\/div>\n\t\t\t\t\t<\/div>\n\t\t\t\t<\/div>\n\t\t\t\t<\/div>\n\t\t\t\t<\/div>","protected":false},"excerpt":{"rendered":"<p>Web site tasar\u0131m paketleri ile markan\u0131z\u0131 g\u00fc\u00e7lendirin. Mobil uyumlu, h\u0131zl\u0131, SEO optimize profesyonel \u00e7\u00f6z\u00fcmler. \u0130\u015fletmenize \u00f6zel modern web tasar\u0131m f\u0131rsatlar\u0131n\u0131 ke\u015ffedin.<\/p>","protected":false},"author":1,"featured_media":0,"parent":0,"menu_order":0,"comment_status":"closed","ping_status":"closed","template":"","meta":{"footnotes":""},"class_list":["post-8518","page","type-page","status-publish","hentry"],"aioseo_notices":[],"_hostinger_reach_plugin_has_subscription_block":false,"_hostinger_reach_plugin_is_elementor":false,"_links":{"self":[{"href":"https:\/\/ilcomdigital.net\/en\/wp-json\/wp\/v2\/pages\/8518","targetHints":{"allow":["GET"]}}],"collection":[{"href":"https:\/\/ilcomdigital.net\/en\/wp-json\/wp\/v2\/pages"}],"about":[{"href":"https:\/\/ilcomdigital.net\/en\/wp-json\/wp\/v2\/types\/page"}],"author":[{"embeddable":true,"href":"https:\/\/ilcomdigital.net\/en\/wp-json\/wp\/v2\/users\/1"}],"replies":[{"embeddable":true,"href":"https:\/\/ilcomdigital.net\/en\/wp-json\/wp\/v2\/comments?post=8518"}],"version-history":[{"count":40,"href":"https:\/\/ilcomdigital.net\/en\/wp-json\/wp\/v2\/pages\/8518\/revisions"}],"predecessor-version":[{"id":13671,"href":"https:\/\/ilcomdigital.net\/en\/wp-json\/wp\/v2\/pages\/8518\/revisions\/13671"}],"wp:attachment":[{"href":"https:\/\/ilcomdigital.net\/en\/wp-json\/wp\/v2\/media?parent=8518"}],"curies":[{"name":"wp","href":"https:\/\/api.w.org\/{rel}","templated":true}]}}