{"id":6570,"date":"2025-11-02T05:37:25","date_gmt":"2025-11-02T05:37:25","guid":{"rendered":"https:\/\/dev254.kodesolution.com\/edigitaal\/?page_id=6570"},"modified":"2025-11-27T17:47:29","modified_gmt":"2025-11-27T17:47:29","slug":"dijital-hizmetler","status":"publish","type":"page","link":"https:\/\/ilcomdigital.net\/en\/dijital-hizmetler\/","title":{"rendered":"Digital Services"},"content":{"rendered":"<div data-elementor-type=\"wp-page\" data-elementor-id=\"6570\" class=\"elementor elementor-6570\">\n\t\t\t\t<div class=\"elementor-element elementor-element-005e240 e-flex e-con-boxed tm-col-stretched-none tm-bg-color-over-image e-con e-parent\" data-id=\"005e240\" data-element_type=\"container\" data-e-type=\"container\">\n\t\t\t\t\t<div class=\"e-con-inner\">\n\t\t<div class=\"elementor-element elementor-element-0c66c7e e-con-full e-flex tm-col-stretched-none tm-bg-color-over-image e-con e-child\" data-id=\"0c66c7e\" data-element_type=\"container\" data-e-type=\"container\">\n\t\t\t\t<div class=\"elementor-element elementor-element-027ace1 elementor-invisible elementor-widget elementor-widget-tm-ele-service-block\" data-id=\"027ace1\" data-element_type=\"widget\" data-e-type=\"widget\" data-settings=\"{&quot;_animation&quot;:&quot;fadeInUp&quot;,&quot;_animation_delay&quot;:300}\" data-widget_type=\"tm-ele-service-block.skin-style2\">\n\t\t\t\t<div class=\"elementor-widget-container\">\n\t\t\t\t\t\t<div class=\"tm-sc-service tm-service-grid\">\r\n\t\t<!-- Isotope Gallery Grid -->\r\n\t\t<div id=\"service-block-holder-888479\" class=\"isotope-layout grid-3 gutter-10   clearfix\">\r\n\t\t\t<div class=\"isotope-layout-inner\">\r\n\t\t\t\t<!-- the loop -->\r\n\t\t\t\t\t\t\t\t\t\t\t\t\t\t\t\t<div class=\"isotope-item service-item elementor-repeater-item-2de0303\" data-wow-delay=\"\">\r\n\t\t\t\t\t<!-- Service Block Style1-->\r\n  <div class=\"service-block service-block-style2\">\r\n    <div class=\"head\">\r\n      <div class=\"icon\">\r\n        <div class=\"service-icon\">\r\n\t<i aria-hidden=\"true\" class=\"flaticon-business-web-design\"><\/i><\/div>      <\/div>\r\n      <div class=\"service-count\">01<\/div>    <\/div>\r\n    <div class=\"content\">\r\n      \r\n\t\t<h4 class=\"service-title\">\r\n\t\t\t\t<a\r\n\t\t\t\t\t\thref=\"\/en\/web-tasarim\/\">\r\n\t\t\tWeb Design Services\t\t<\/a>\r\n\t\t\t<\/h4>\r\n\t\t\t\t<div class=\"service-details\">We strengthen the digital appearance of your brand with modern, fast and mobile compatible web designs.<\/div>\r\n              <a class=\"theme-btn-main style-2\" href=\"\/en\/web-tasarim\/\">\r\n          <span class=\"theme-btn-arrow-left theme-btn-arrow-small black-arrow\"> <i class=\"fa fa-arrow-right\"><\/i>\r\n          <\/span>\r\n          <span class=\"theme-btn theme-btn-transparent theme-btn-small\">Devam\u0131n\u0131 oku<\/span>\r\n          <span class=\"theme-btn-arrow-right theme-btn-arrow-small black-arrow\"> <i class=\"fa fa-arrow-right\"><\/i>\r\n          <\/span>\r\n        <\/a>\r\n          <\/div>\r\n  <\/div>\t\t\t\t<\/div>\r\n\t\t\t\t\t\t\t\t\t\t\t\t\t\t\t\t<div class=\"isotope-item service-item elementor-repeater-item-7cd29af\" data-wow-delay=\"\">\r\n\t\t\t\t\t<!-- Service Block Style1-->\r\n  <div class=\"service-block service-block-style2\">\r\n    <div class=\"head\">\r\n      <div class=\"icon\">\r\n        <div class=\"service-icon\">\r\n\t<i aria-hidden=\"true\" class=\"flaticon-common-shopping-cart\"><\/i><\/div>      <\/div>\r\n      <div class=\"service-count\">02<\/div>    <\/div>\r\n    <div class=\"content\">\r\n      \r\n\t\t<h4 class=\"service-title\">\r\n\t\t\t\t<a\r\n\t\t\t\t\t\thref=\"\/en\/e-ticaret-cozumleri\/\">\r\n\t\t\tE-Commerce Solutions\t\t<\/a>\r\n\t\t\t<\/h4>\r\n\t\t\t\t<div class=\"service-details\">We enable you to easily manage your products and increase your sales with user-friendly and secure e-commerce infrastructure.<\/div>\r\n              <a class=\"theme-btn-main style-2\" href=\"\/en\/e-ticaret-cozumleri\/\">\r\n          <span class=\"theme-btn-arrow-left theme-btn-arrow-small black-arrow\"> <i class=\"fa fa-arrow-right\"><\/i>\r\n          <\/span>\r\n          <span class=\"theme-btn theme-btn-transparent theme-btn-small\">Devam\u0131n\u0131 oku<\/span>\r\n          <span class=\"theme-btn-arrow-right theme-btn-arrow-small black-arrow\"> <i class=\"fa fa-arrow-right\"><\/i>\r\n          <\/span>\r\n        <\/a>\r\n          <\/div>\r\n  <\/div>\t\t\t\t<\/div>\r\n\t\t\t\t\t\t\t\t\t\t\t\t\t\t\t\t<div class=\"isotope-item service-item elementor-repeater-item-d4ecddb\" data-wow-delay=\"\">\r\n\t\t\t\t\t<!-- Service Block Style1-->\r\n  <div class=\"service-block service-block-style2\">\r\n    <div class=\"head\">\r\n      <div class=\"icon\">\r\n        <div class=\"service-icon\">\r\n\t<i aria-hidden=\"true\" class=\"flaticon-business-022-design-1\"><\/i><\/div>      <\/div>\r\n      <div class=\"service-count\">03<\/div>    <\/div>\r\n    <div class=\"content\">\r\n      \r\n\t\t<h4 class=\"service-title\">\r\n\t\t\t\t<a\r\n\t\t\t\t\t\thref=\"\/en\/kurumsal-kimlik\/\">\r\n\t\t\tBrand Design\t\t<\/a>\r\n\t\t\t<\/h4>\r\n\t\t\t\t<div class=\"service-details\">We offer a professional look with corporate identity and design solutions that strengthen your brand.<\/div>\r\n              <a class=\"theme-btn-main style-2\" href=\"\/en\/kurumsal-kimlik\/\">\r\n          <span class=\"theme-btn-arrow-left theme-btn-arrow-small black-arrow\"> <i class=\"fa fa-arrow-right\"><\/i>\r\n          <\/span>\r\n          <span class=\"theme-btn theme-btn-transparent theme-btn-small\">Devam\u0131n\u0131 oku<\/span>\r\n          <span class=\"theme-btn-arrow-right theme-btn-arrow-small black-arrow\"> <i class=\"fa fa-arrow-right\"><\/i>\r\n          <\/span>\r\n        <\/a>\r\n          <\/div>\r\n  <\/div>\t\t\t\t<\/div>\r\n\t\t\t\t\t\t\t\t\t\t\t\t\t\t\t\t<div class=\"isotope-item service-item elementor-repeater-item-7da3baf\" data-wow-delay=\"\">\r\n\t\t\t\t\t<!-- Service Block Style1-->\r\n  <div class=\"service-block service-block-style2\">\r\n    <div class=\"head\">\r\n      <div class=\"icon\">\r\n        <div class=\"service-icon\">\r\n\t<i aria-hidden=\"true\" class=\"flaticon-business-021-digital-services\"><\/i><\/div>      <\/div>\r\n      <div class=\"service-count\">04<\/div>    <\/div>\r\n    <div class=\"content\">\r\n      \r\n\t\t<h4 class=\"service-title\">\r\n\t\t\t\t<a\r\n\t\t\t\t\t\thref=\"\/en\/web-yazilim\/\">\r\n\t\t\tWeb Yaz\u0131l\u0131m \/ \u00d6zel Yaz\u0131l\u0131m\t\t<\/a>\r\n\t\t\t<\/h4>\r\n\t\t\t\t<div class=\"service-details\">\u0130\u015f s\u00fcre\u00e7lerinize uygun, g\u00fcvenli ve esnek yaz\u0131l\u0131m \u00e7\u00f6z\u00fcmleri geli\u015ftirerek dijital altyap\u0131n\u0131z\u0131 g\u00fc\u00e7lendiriyoruz.<\/div>\r\n              <a class=\"theme-btn-main style-2\" href=\"\/en\/web-yazilim\/\">\r\n          <span class=\"theme-btn-arrow-left theme-btn-arrow-small black-arrow\"> <i class=\"fa fa-arrow-right\"><\/i>\r\n          <\/span>\r\n          <span class=\"theme-btn theme-btn-transparent theme-btn-small\">Devam\u0131n\u0131 oku<\/span>\r\n          <span class=\"theme-btn-arrow-right theme-btn-arrow-small black-arrow\"> <i class=\"fa fa-arrow-right\"><\/i>\r\n          <\/span>\r\n        <\/a>\r\n          <\/div>\r\n  <\/div>\t\t\t\t<\/div>\r\n\t\t\t\t\t\t\t\t\t\t\t\t\t\t\t\t<div class=\"isotope-item service-item elementor-repeater-item-70821d5\" data-wow-delay=\"\">\r\n\t\t\t\t\t<!-- Service Block Style1-->\r\n  <div class=\"service-block service-block-style2\">\r\n    <div class=\"head\">\r\n      <div class=\"icon\">\r\n        <div class=\"service-icon\">\r\n\t<i aria-hidden=\"true\" class=\"flaticon-business-026-promotion\"><\/i><\/div>      <\/div>\r\n      <div class=\"service-count\">05<\/div>    <\/div>\r\n    <div class=\"content\">\r\n      \r\n\t\t<h4 class=\"service-title\">\r\n\t\t\t\t<a\r\n\t\t\t\t\t\thref=\"\/en\/seo-optimizasyonu\/\">\r\n\t\t\tSEO Optimisation\t\t<\/a>\r\n\t\t\t<\/h4>\r\n\t\t\t\t<div class=\"service-details\">Arama motorlar\u0131nda daha g\u00f6r\u00fcn\u00fcr olman\u0131z i\u00e7in etkili SEO \u00e7al\u0131\u015fmalar\u0131yla site performans\u0131n\u0131z\u0131 y\u00fckseltiyoruz.<\/div>\r\n              <a class=\"theme-btn-main style-2\" href=\"\/en\/seo-optimizasyonu\/\">\r\n          <span class=\"theme-btn-arrow-left theme-btn-arrow-small black-arrow\"> <i class=\"fa fa-arrow-right\"><\/i>\r\n          <\/span>\r\n          <span class=\"theme-btn theme-btn-transparent theme-btn-small\">Devam\u0131n\u0131 oku<\/span>\r\n          <span class=\"theme-btn-arrow-right theme-btn-arrow-small black-arrow\"> <i class=\"fa fa-arrow-right\"><\/i>\r\n          <\/span>\r\n        <\/a>\r\n          <\/div>\r\n  <\/div>\t\t\t\t<\/div>\r\n\t\t\t\t\t\t\t\t\t\t\t\t\t\t\t\t<div class=\"isotope-item service-item elementor-repeater-item-73bb8c5\" data-wow-delay=\"\">\r\n\t\t\t\t\t<!-- Service Block Style1-->\r\n  <div class=\"service-block service-block-style2\">\r\n    <div class=\"head\">\r\n      <div class=\"icon\">\r\n        <div class=\"service-icon\">\r\n\t<i aria-hidden=\"true\" class=\"flaticon-business-017-advertising\"><\/i><\/div>      <\/div>\r\n      <div class=\"service-count\">06<\/div>    <\/div>\r\n    <div class=\"content\">\r\n      \r\n\t\t<h4 class=\"service-title\">\r\n\t\t\t\t<a\r\n\t\t\t\t\t\thref=\"\/en\/dijital-reklam-yonetimi\/\">\r\n\t\t\tDigital Advertising Management\t\t<\/a>\r\n\t\t\t<\/h4>\r\n\t\t\t\t<div class=\"service-details\">Google ve sosyal medya reklamlar\u0131yla hedef kitlenize ula\u015fman\u0131z\u0131 sa\u011flayan etkili reklam \u00e7\u00f6z\u00fcmleri sunuyoruz.<\/div>\r\n              <a class=\"theme-btn-main style-2\" href=\"\/en\/dijital-reklam-yonetimi\/\">\r\n          <span class=\"theme-btn-arrow-left theme-btn-arrow-small black-arrow\"> <i class=\"fa fa-arrow-right\"><\/i>\r\n          <\/span>\r\n          <span class=\"theme-btn theme-btn-transparent theme-btn-small\">Devam\u0131n\u0131 oku<\/span>\r\n          <span class=\"theme-btn-arrow-right theme-btn-arrow-small black-arrow\"> <i class=\"fa fa-arrow-right\"><\/i>\r\n          <\/span>\r\n        <\/a>\r\n          <\/div>\r\n  <\/div>\t\t\t\t<\/div>\r\n\t\t\t\t\t\t\t\t<!-- end of the loop -->\r\n\t\t\t<\/div>\r\n\t\t<\/div>\r\n\t\t\t<\/div>\r\n\r\n\t\t\t\t<\/div>\n\t\t\t\t<\/div>\n\t\t\t\t<\/div>\n\t\t\t\t\t<\/div>\n\t\t\t\t<\/div>\n\t\t\t\t<\/div>","protected":false},"excerpt":{"rendered":"<p>01 Web Tasar\u0131m Hizmetleri Modern, h\u0131zl\u0131 ve mobil uyumlu web tasar\u0131mlar\u0131yla markan\u0131z\u0131n dijital g\u00f6r\u00fcn\u00fcm\u00fcn\u00fc g\u00fc\u00e7lendiriyoruz. Devam\u0131n\u0131 oku 02 E-Ticaret \u00c7\u00f6z\u00fcmleri&#8230;<\/p>","protected":false},"author":1,"featured_media":0,"parent":0,"menu_order":0,"comment_status":"closed","ping_status":"closed","template":"","meta":{"footnotes":""},"class_list":["post-6570","page","type-page","status-publish","hentry"],"aioseo_notices":[],"_hostinger_reach_plugin_has_subscription_block":false,"_hostinger_reach_plugin_is_elementor":false,"_links":{"self":[{"href":"https:\/\/ilcomdigital.net\/en\/wp-json\/wp\/v2\/pages\/6570","targetHints":{"allow":["GET"]}}],"collection":[{"href":"https:\/\/ilcomdigital.net\/en\/wp-json\/wp\/v2\/pages"}],"about":[{"href":"https:\/\/ilcomdigital.net\/en\/wp-json\/wp\/v2\/types\/page"}],"author":[{"embeddable":true,"href":"https:\/\/ilcomdigital.net\/en\/wp-json\/wp\/v2\/users\/1"}],"replies":[{"embeddable":true,"href":"https:\/\/ilcomdigital.net\/en\/wp-json\/wp\/v2\/comments?post=6570"}],"version-history":[{"count":45,"href":"https:\/\/ilcomdigital.net\/en\/wp-json\/wp\/v2\/pages\/6570\/revisions"}],"predecessor-version":[{"id":12045,"href":"https:\/\/ilcomdigital.net\/en\/wp-json\/wp\/v2\/pages\/6570\/revisions\/12045"}],"wp:attachment":[{"href":"https:\/\/ilcomdigital.net\/en\/wp-json\/wp\/v2\/media?parent=6570"}],"curies":[{"name":"wp","href":"https:\/\/api.w.org\/{rel}","templated":true}]}}