{"id":6563,"date":"2025-11-02T05:36:41","date_gmt":"2025-11-02T05:36:41","guid":{"rendered":"https:\/\/dev254.kodesolution.com\/edigitaal\/?page_id=6563"},"modified":"2026-01-18T13:14:02","modified_gmt":"2026-01-18T13:14:02","slug":"iletisim","status":"publish","type":"page","link":"https:\/\/ilcomdigital.net\/en\/iletisim\/","title":{"rendered":"Communication"},"content":{"rendered":"<div data-elementor-type=\"wp-page\" data-elementor-id=\"6563\" class=\"elementor elementor-6563\">\n\t\t\t\t<div class=\"elementor-element elementor-element-5282dee e-flex e-con-boxed tm-col-stretched-none tm-bg-color-over-image e-con e-parent\" data-id=\"5282dee\" data-element_type=\"container\" data-e-type=\"container\">\n\t\t\t\t\t<div class=\"e-con-inner\">\n\t\t<div class=\"elementor-element elementor-element-f2c65dc overflow-hidden e-flex e-con-boxed tm-col-stretched-none tm-bg-color-over-image e-con e-child\" data-id=\"f2c65dc\" data-element_type=\"container\" data-e-type=\"container\" data-settings=\"{&quot;background_background&quot;:&quot;classic&quot;}\">\n\t\t\t\t\t<div class=\"e-con-inner\">\n\t\t<div class=\"elementor-element elementor-element-3c852b3 e-con-full e-flex tm-col-stretched-none tm-bg-color-over-image e-con e-child\" data-id=\"3c852b3\" data-element_type=\"container\" data-e-type=\"container\">\n\t\t<div class=\"elementor-element elementor-element-acd1a8c e-con-full e-flex tm-col-stretched-none tm-bg-color-over-image e-con e-child\" data-id=\"acd1a8c\" data-element_type=\"container\" data-e-type=\"container\">\n\t\t\t\t<div class=\"elementor-element elementor-element-d77ac08 horizontal-line-align-left vertical-line-align-bottom elementor-widget elementor-widget-tm-ele-section-title\" data-id=\"d77ac08\" data-element_type=\"widget\" data-e-type=\"widget\" data-widget_type=\"tm-ele-section-title.default\">\n\t\t\t\t<div class=\"elementor-widget-container\">\n\t\t\t\t\t<div class=\"tm-sc-section-title section-title title-icon-pos-icon-top\">\r\n\t<div class=\"title-wrapper\">\r\n\t\t\t\t<img decoding=\"async\" class=\"title-icon\" src=\"https:\/\/ilcomdigital.net\/wp-content\/uploads\/2025\/10\/Soft-Star.png\" alt=\"icon\">\t\t\t\t\r\n\r\n<div class=\"sub-title-outer\">\r\n\t\t<div class=\"subtitle\">\r\n\r\n\t\t\r\n\t\tGet in touch\t<\/div>\r\n\t<\/div>\t\t\t<h2 class=\"title\" >\r\n\r\n\t\t\r\n\t\t\r\n\t\t\t\t\t\r\n\r\n\r\n\t\t\t\t\t\t\t\t<span class=\"elementor-repeater-item-8545c75\">Ba\u015far\u0131 bir ekip \u00e7al\u0131\u015fmas\u0131d\u0131r,<\/span>\r\n\t\t\t\t\t\t\t\r\n\r\n\r\n\t\t\t\t\t\t\t\t<span class=\"elementor-repeater-item-5722709\">Ba\u015far\u0131 bir ekip \u00e7al\u0131\u015fmas\u0131d\u0131r,<\/span>\r\n\t\t\t\t\t\t\t\t\t\r\n\t<\/h2>\r\n\t<div class=\"title-seperator-line\"><\/div>\t\t\t\t\t\t<\/div>\r\n<\/div>\t\t\t\t<\/div>\n\t\t\t\t<\/div>\n\t\t\t\t<div class=\"elementor-element elementor-element-8fc7a1c elementor-widget elementor-widget-tm-ele-text-editor\" data-id=\"8fc7a1c\" data-element_type=\"widget\" data-e-type=\"widget\" data-widget_type=\"tm-ele-text-editor.default\">\n\t\t\t\t<div class=\"elementor-widget-container\">\n\t\t\t\t\t\t\t<div class=\"tm-text-editor\" >\r\n\t\t<h4><span style=\"color: #008000;\">Markan\u0131 Konu\u015ftural\u0131m<\/span><\/h4>\t\t<\/div>\r\n\t\t\t\t\t<\/div>\n\t\t\t\t<\/div>\n\t\t\t\t<div class=\"elementor-element elementor-element-15be56e elementor-widget__width-initial elementor-widget elementor-widget-tm-ele-text-editor-advanced\" data-id=\"15be56e\" data-element_type=\"widget\" data-e-type=\"widget\" data-widget_type=\"tm-ele-text-editor-advanced.default\">\n\t\t\t\t<div class=\"elementor-widget-container\">\n\t\t\t\t\t\t\t<div class=\"tm-text-editor-advanced\">\r\n\t\t\t\t\t<div class=\"each-item elementor-repeater-item-f5252c0\"  data-parallax=\"{&quot;x&quot;:&quot;&quot;,&quot;y&quot;:&quot;&quot;,&quot;scale&quot;:&quot;&quot;,&quot;rotate&quot;:&quot;&quot;,&quot;opacity&quot;:&quot;&quot;}\" >\r\n\t\t\t\t<p><span style=\"color: #3366ff;\"><strong><span style=\"color: #00ccff;\">ilcom<\/span><span style=\"color: #ff6600;\">digital<\/span> <span style=\"color: #ccffff;\">Creative Tech Hub<\/span><\/strong><\/span><\/p>\t\t\t\t<\/div>\r\n\t\t\t\t\t\t\t\t<div class=\"each-item elementor-repeater-item-7af36a6\"  data-parallax=\"{&quot;x&quot;:&quot;&quot;,&quot;y&quot;:&quot;&quot;,&quot;scale&quot;:&quot;&quot;,&quot;rotate&quot;:&quot;&quot;,&quot;opacity&quot;:&quot;&quot;}\" >\r\n\t\t\t\t<p>VadiTek Plaza, Ayaza\u011fa Mahallesi Cendere Caddesi No:19, Floor:12, Flat:1204<br data-start=\"302\" data-end=\"305\" \/>Sar\u0131yer \/ Istanbul<\/p>\t\t\t\t<\/div>\r\n\t\t\t\t\t\t\t\t<div class=\"each-item elementor-repeater-item-bd5788b\"  data-parallax=\"{&quot;x&quot;:&quot;&quot;,&quot;y&quot;:&quot;&quot;,&quot;scale&quot;:&quot;&quot;,&quot;rotate&quot;:&quot;&quot;,&quot;opacity&quot;:&quot;&quot;}\" >\r\n\t\t\t\t<p style=\"padding-left: 40px;\"><a href=\"mailto:studio@ilcomdigital.com\">studio@ilcomdigital.com<\/a><\/p>\t\t\t\t<\/div>\r\n\t\t\t\t\t\t<\/div>\r\n\t\t\t\t\t<\/div>\n\t\t\t\t<\/div>\n\t\t\t\t<div class=\"elementor-element elementor-element-5060fe6 elementor-widget elementor-widget-tm-ele-iconbox\" data-id=\"5060fe6\" data-element_type=\"widget\" data-e-type=\"widget\" data-widget_type=\"tm-ele-iconbox.default\">\n\t\t\t\t<div class=\"elementor-widget-container\">\n\t\t\t\t\t<div class=\"tm-sc-icon-box icon-box icon-left font-icon icon-left animate-hover icon-rotate-y\">\r\n\t\r\n  \t<div class=\"icon-box-wrapper\">\r\n\t\t\r\n\t\t<div class=\"icon-wrapper\">\r\n\t\t<div class=\"icon icon-default icon-type-font-icon icon-size-default\">\r\n\t\t\t<i aria-hidden=\"true\" class=\"flaticon-common-technology\"><\/i>\t\t<\/div>\r\n\r\n\t\t\t<\/div>\r\n\t\t\t<div class=\"icon-text\">\r\n\t\t\t\t\t\t<div class=\"content\"><h6><strong><span style=\"color: #008000\">Hadi Konu\u015fal\u0131m, Beraber \u00c7\u00f6zelim<\/span><\/strong><\/h6><\/div>\r\n\t\t\t\r\n\t\t\t\t<h5 class=\"icon-box-title\">\r\n\t\t\t\t\t\t\t+90 (540) 744 2525\t\t\t\t\t<\/h5>\r\n\t\t\t\t\t\r\n\t\t\t\r\n\t\r\n\t\t\t\t\t<\/div>\r\n\t\t<div class=\"clearfix\"><\/div>\r\n\t<\/div>\r\n<\/div>\t\t\t\t<\/div>\n\t\t\t\t<\/div>\n\t\t\t\t<\/div>\n\t\t<div class=\"elementor-element elementor-element-73c8d09 e-con-full tm-col-stretched-none e-flex tm-bg-color-over-image e-con e-child\" data-id=\"73c8d09\" data-element_type=\"container\" data-e-type=\"container\">\n\t\t\t\t<div class=\"elementor-element elementor-element-1929974 tm-contact-form-7-button-align-left tm-contact-form-7-button-custom elementor-widget elementor-widget-tm-ele-contact-form-7\" data-id=\"1929974\" data-element_type=\"widget\" data-e-type=\"widget\" data-widget_type=\"tm-ele-contact-form-7.default\">\n\t\t\t\t<div class=\"elementor-widget-container\">\n\t\t\t\t\t<div class=\"tm-contact-form-7-wrapper\">\r\n\t\t\t\t<div class=\"tm-contact-form tm-contact-form-7 tm-contact-form-1929974 placeholder-show tm-contact-form-align-default\">\n<div class=\"wpcf7 no-js\" id=\"wpcf7-f9044-o1\" lang=\"en-US\" dir=\"ltr\" data-wpcf7-id=\"9044\">\n<div class=\"screen-reader-response\"><p role=\"status\" aria-live=\"polite\" aria-atomic=\"true\"><\/p> <ul><\/ul><\/div>\n<form action=\"\/en\/wp-json\/wp\/v2\/pages\/6563#wpcf7-f9044-o1\" method=\"post\" class=\"wpcf7-form init\" aria-label=\"Contact form\" novalidate=\"novalidate\" data-status=\"init\" data-trp-original-action=\"\/en\/wp-json\/wp\/v2\/pages\/6563#wpcf7-f9044-o1\">\n<fieldset class=\"hidden-fields-container\"><input type=\"hidden\" name=\"_wpcf7\" value=\"9044\" \/><input type=\"hidden\" name=\"_wpcf7_version\" value=\"6.1.5\" \/><input type=\"hidden\" name=\"_wpcf7_locale\" value=\"en_US\" \/><input type=\"hidden\" name=\"_wpcf7_unit_tag\" value=\"wpcf7-f9044-o1\" \/><input type=\"hidden\" name=\"_wpcf7_container_post\" value=\"0\" \/><input type=\"hidden\" name=\"_wpcf7_posted_data_hash\" value=\"\" \/>\n<\/fieldset>\n<div class=\"contact-form\">\n  <div class=\"row g-3\">\n    <div class=\"col-sm-6\">\n      <span class=\"wpcf7-form-control-wrap\" data-name=\"your-name\"><input size=\"40\" maxlength=\"400\" class=\"wpcf7-form-control wpcf7-text wpcf7-validates-as-required form-control\" aria-required=\"true\" aria-invalid=\"false\" placeholder=\"Your full name\" value=\"\" type=\"text\" name=\"your-name\" \/><\/span>\n    <\/div>\n    <div class=\"col-sm-6\">\n        <span class=\"wpcf7-form-control-wrap\" data-name=\"your-name\"><input size=\"40\" maxlength=\"400\" class=\"wpcf7-form-control wpcf7-text wpcf7-validates-as-required form-control\" aria-required=\"true\" aria-invalid=\"false\" placeholder=\"Your email Address\" value=\"\" type=\"text\" name=\"your-name\" \/><\/span>\n    <\/div>\n    <div class=\"col-sm-6\">\n        <span class=\"wpcf7-form-control-wrap\" data-name=\"your-name\"><input size=\"40\" maxlength=\"400\" class=\"wpcf7-form-control wpcf7-text wpcf7-validates-as-required form-control\" aria-required=\"true\" aria-invalid=\"false\" placeholder=\"Phone number\" value=\"\" type=\"text\" name=\"your-name\" \/><\/span>\n    <\/div>\n    <div class=\"col-sm-6\">\n        <span class=\"wpcf7-form-control-wrap\" data-name=\"your-name\"><input size=\"40\" maxlength=\"400\" class=\"wpcf7-form-control wpcf7-text wpcf7-validates-as-required form-control\" aria-required=\"true\" aria-invalid=\"false\" placeholder=\"What are your needs\" value=\"\" type=\"text\" name=\"your-name\" \/><\/span>\n    <\/div>\n     <div class=\"col-sm-12\">\n        <span class=\"wpcf7-form-control-wrap\" data-name=\"your-name\"><input size=\"40\" maxlength=\"400\" class=\"wpcf7-form-control wpcf7-text wpcf7-validates-as-required form-control\" aria-required=\"true\" aria-invalid=\"false\" placeholder=\"your-subject\" value=\"\" type=\"text\" name=\"your-name\" \/><\/span>\n    <\/div>\n    \n    <div class=\"col-sm-12\">\n          <span class=\"wpcf7-form-control-wrap\" data-name=\"your-message\"><textarea cols=\"40\" rows=\"7\" maxlength=\"2000\" class=\"wpcf7-form-control wpcf7-textarea wpcf7-validates-as-required form-control\" aria-required=\"true\" aria-invalid=\"false\" placeholder=\"\" name=\"your-message\"><\/textarea><\/span>\n    <\/div>\n    <div class=\"col-sm-12\">\n        <input class=\"wpcf7-form-control wpcf7-submit has-spinner btn btn-theme-colored1\" type=\"submit\" value=\"Send Your Request\" \/>\n    <\/div>\n  <\/div>\n<\/div><div class=\"wpcf7-response-output\" aria-hidden=\"true\"><\/div>\n<input type=\"hidden\" name=\"trp-form-language\" value=\"en\"\/><\/form>\n<\/div>\n<\/div>\r\n\t\t\t<\/div>\t\t\t\t<\/div>\n\t\t\t\t<\/div>\n\t\t\t\t<\/div>\n\t\t\t\t<\/div>\n\t\t\t\t\t<\/div>\n\t\t\t\t<\/div>\n\t\t\t\t\t<\/div>\n\t\t\t\t<\/div>\n\t\t\t\t<\/div>","protected":false},"excerpt":{"rendered":"<p>Get in touch Ba\u015far\u0131 bir ekip \u00e7al\u0131\u015fmas\u0131d\u0131r, Ba\u015far\u0131 bir ekip \u00e7al\u0131\u015fmas\u0131d\u0131r, Markan\u0131 Konu\u015ftural\u0131m ilcomdigital Creative Tech Hub VadiTek Plaza, Ayaza\u011fa&#8230;<\/p>","protected":false},"author":1,"featured_media":0,"parent":0,"menu_order":0,"comment_status":"closed","ping_status":"closed","template":"","meta":{"footnotes":""},"class_list":["post-6563","page","type-page","status-publish","hentry"],"aioseo_notices":[],"_hostinger_reach_plugin_has_subscription_block":false,"_hostinger_reach_plugin_is_elementor":false,"_links":{"self":[{"href":"https:\/\/ilcomdigital.net\/en\/wp-json\/wp\/v2\/pages\/6563","targetHints":{"allow":["GET"]}}],"collection":[{"href":"https:\/\/ilcomdigital.net\/en\/wp-json\/wp\/v2\/pages"}],"about":[{"href":"https:\/\/ilcomdigital.net\/en\/wp-json\/wp\/v2\/types\/page"}],"author":[{"embeddable":true,"href":"https:\/\/ilcomdigital.net\/en\/wp-json\/wp\/v2\/users\/1"}],"replies":[{"embeddable":true,"href":"https:\/\/ilcomdigital.net\/en\/wp-json\/wp\/v2\/comments?post=6563"}],"version-history":[{"count":14,"href":"https:\/\/ilcomdigital.net\/en\/wp-json\/wp\/v2\/pages\/6563\/revisions"}],"predecessor-version":[{"id":14535,"href":"https:\/\/ilcomdigital.net\/en\/wp-json\/wp\/v2\/pages\/6563\/revisions\/14535"}],"wp:attachment":[{"href":"https:\/\/ilcomdigital.net\/en\/wp-json\/wp\/v2\/media?parent=6563"}],"curies":[{"name":"wp","href":"https:\/\/api.w.org\/{rel}","templated":true}]}}